{"id":439,"date":"2018-06-11T21:30:37","date_gmt":"2018-06-11T21:30:37","guid":{"rendered":"http:\/\/decaprint.com\/?page_id=439"},"modified":"2023-01-12T09:25:42","modified_gmt":"2023-01-12T09:25:42","slug":"banderas","status":"publish","type":"page","link":"https:\/\/decaprint.com\/index.php\/banderas\/","title":{"rendered":"BANDERAS"},"content":{"rendered":"<p>[et_pb_section fb_built=&#8221;1&#8243; _builder_version=&#8221;3.2&#8243; background_image=&#8221;https:\/\/decaprint.com\/wp-content\/uploads\/2018\/05\/12_image.jpg&#8221; custom_margin=&#8221;0px|0px|0px|0px&#8221; custom_padding=&#8221;0px|0px|0px|0px&#8221;][et_pb_row make_fullwidth=&#8221;on&#8221; use_custom_gutter=&#8221;on&#8221; custom_padding=&#8221;0px|0px|0px|0px&#8221; make_equal=&#8221;on&#8221; background_color_1=&#8221;rgba(0,0,0,0.75)&#8221; padding_top_1=&#8221;100px&#8221; padding_right_1=&#8221;100px&#8221; padding_bottom_1=&#8221;100px&#8221; padding_left_1=&#8221;100px&#8221; padding_1_tablet=&#8221;20px|20px|20px|20px&#8221; padding_1_last_edited=&#8221;on|tablet&#8221; _builder_version=&#8221;3.2&#8243;][et_pb_column type=&#8221;2_3&#8243; _builder_version=&#8221;3.0.47&#8243; padding_tablet=&#8221;20px|20px|20px|20px&#8221; padding_last_edited=&#8221;on|tablet&#8221; padding_bottom=&#8221;100px&#8221; padding_left=&#8221;100px&#8221; padding_right=&#8221;100px&#8221; padding_top=&#8221;100px&#8221; background_color=&#8221;rgba(0,0,0,0.75)&#8221; parallax=&#8221;off&#8221; parallax_method=&#8221;on&#8221;][et_pb_post_title meta=&#8221;off&#8221; featured_image=&#8221;off&#8221; text_color=&#8221;light&#8221; _builder_version=&#8221;3.2&#8243;][\/et_pb_post_title][et_pb_text _builder_version=&#8221;3.2&#8243; background_layout=&#8221;dark&#8221;]<\/p>\n<p style=\"text-align: justify;\">En decaprint fabricamos todo tipo de m\u00e1stiles y banderas publicitarias. Con nuestros productos podr\u00e1 publicitar su marca en cualquier tipo de evento tanto exterior como interior.<\/p>\n<p>Ofrecemos multitud de modelos, tipo l\u00e1grima, banderas rectangulares, banderas publicitarias, m\u00e1stiles telesc\u00f3picos, banderas institucionales&#8230;<\/p>\n<p><strong>SI NO ENCUENTRA LO QUE NECESITA, PONGASE EN CONTACTO CON NOSOTROS, Y LE ENCONTRAREMOS LA MEJOR SOLUCI\u00d3N<\/strong><\/p>\n<p>[\/et_pb_text][et_pb_button button_url=&#8221;http:\/\/www.beachflagscatalog.com\/es\/Productos&#8221; url_new_window=&#8221;on&#8221; button_text=&#8221;Ver Cat\u00e1logo&#8221; _builder_version=&#8221;3.2&#8243; background_layout=&#8221;dark&#8221;][\/et_pb_button][\/et_pb_column][et_pb_column type=&#8221;1_3&#8243; _builder_version=&#8221;3.0.47&#8243; parallax=&#8221;off&#8221; parallax_method=&#8221;on&#8221;][\/et_pb_column][\/et_pb_row][\/et_pb_section][et_pb_section fb_built=&#8221;1&#8243; _builder_version=&#8221;3.2&#8243; background_color=&#8221;rgba(255,255,255,0.16)&#8221; background_image=&#8221;https:\/\/decaprint.com\/wp-content\/uploads\/2020\/04\/decaprint-dise\u00f1ografico-publicidad-mallorca-dise\u00f1oweb.jpg&#8221; custom_padding=&#8221;56px|0px|4px|0px|false|false&#8221;][et_pb_row _builder_version=&#8221;3.2&#8243;][et_pb_column type=&#8221;4_4&#8243; _builder_version=&#8221;3.0.47&#8243; parallax=&#8221;off&#8221; parallax_method=&#8221;on&#8221;][et_pb_gallery gallery_ids=&#8221;1518,1517,1516,1514,1513,1512,1511,1510,1509&#8243; posts_number=&#8221;8&#8243; orientation=&#8221;portrait&#8221; show_title_and_caption=&#8221;off&#8221; show_pagination=&#8221;off&#8221; hover_icon=&#8221;%%47%%&#8221; _builder_version=&#8221;3.2&#8243;][\/et_pb_gallery][\/et_pb_column][\/et_pb_row][et_pb_row _builder_version=&#8221;3.2&#8243; background_size=&#8221;initial&#8221; background_position=&#8221;top_left&#8221; background_repeat=&#8221;repeat&#8221;][et_pb_column type=&#8221;1_4&#8243; _builder_version=&#8221;3.0.47&#8243; parallax=&#8221;off&#8221; parallax_method=&#8221;on&#8221;][et_pb_blurb title=&#8221;Fly Banner Lagrima&#8221; use_icon=&#8221;on&#8221; font_icon=&#8221;%%45%%&#8221; icon_color=&#8221;#ffffff&#8221; use_circle=&#8221;on&#8221; icon_placement=&#8221;left&#8221; _builder_version=&#8221;3.2&#8243; background_layout=&#8221;dark&#8221;][\/et_pb_blurb][et_pb_blurb title=&#8221;Golf Banner&#8221; use_icon=&#8221;on&#8221; font_icon=&#8221;%%45%%&#8221; icon_color=&#8221;#ffffff&#8221; use_circle=&#8221;on&#8221; icon_placement=&#8221;left&#8221; _builder_version=&#8221;3.2&#8243; background_layout=&#8221;dark&#8221;][\/et_pb_blurb][et_pb_blurb title=&#8221;Banderas de Palo&#8221; use_icon=&#8221;on&#8221; font_icon=&#8221;%%45%%&#8221; icon_color=&#8221;#ffffff&#8221; use_circle=&#8221;on&#8221; icon_placement=&#8221;left&#8221; _builder_version=&#8221;3.2&#8243; background_layout=&#8221;dark&#8221;][\/et_pb_blurb][\/et_pb_column][et_pb_column type=&#8221;1_4&#8243; _builder_version=&#8221;3.0.47&#8243; parallax=&#8221;off&#8221; parallax_method=&#8221;on&#8221;][et_pb_blurb title=&#8221;Fly Banner Surf&#8221; use_icon=&#8221;on&#8221; font_icon=&#8221;%%45%%&#8221; icon_color=&#8221;#ffffff&#8221; use_circle=&#8221;on&#8221; icon_placement=&#8221;left&#8221; _builder_version=&#8221;3.2&#8243; background_layout=&#8221;dark&#8221;][\/et_pb_blurb][et_pb_blurb title=&#8221;Banderas Publicitarias&#8221; use_icon=&#8221;on&#8221; font_icon=&#8221;%%45%%&#8221; icon_color=&#8221;#ffffff&#8221; use_circle=&#8221;on&#8221; icon_placement=&#8221;left&#8221; _builder_version=&#8221;3.2&#8243; background_layout=&#8221;dark&#8221;][\/et_pb_blurb][et_pb_blurb title=&#8221;Banner Colgante&#8221; use_icon=&#8221;on&#8221; font_icon=&#8221;%%45%%&#8221; icon_color=&#8221;#ffffff&#8221; use_circle=&#8221;on&#8221; icon_placement=&#8221;left&#8221; _builder_version=&#8221;3.2&#8243; background_layout=&#8221;dark&#8221;][\/et_pb_blurb][\/et_pb_column][et_pb_column type=&#8221;1_4&#8243; _builder_version=&#8221;3.0.47&#8243; parallax=&#8221;off&#8221; parallax_method=&#8221;on&#8221;][et_pb_blurb title=&#8221;Bandera Rectangular&#8221; use_icon=&#8221;on&#8221; font_icon=&#8221;%%45%%&#8221; icon_color=&#8221;#ffffff&#8221; use_circle=&#8221;on&#8221; icon_placement=&#8221;left&#8221; _builder_version=&#8221;3.2&#8243; background_layout=&#8221;dark&#8221;][\/et_pb_blurb][et_pb_blurb title=&#8221;Banderas Institucionales&#8221; use_icon=&#8221;on&#8221; font_icon=&#8221;%%45%%&#8221; icon_color=&#8221;#ffffff&#8221; use_circle=&#8221;on&#8221; icon_placement=&#8221;left&#8221; _builder_version=&#8221;3.2&#8243; background_layout=&#8221;dark&#8221;][\/et_pb_blurb][et_pb_blurb title=&#8221;M\u00e1stil de Despacho&#8221; use_icon=&#8221;on&#8221; font_icon=&#8221;%%45%%&#8221; icon_color=&#8221;#ffffff&#8221; use_circle=&#8221;on&#8221; icon_placement=&#8221;left&#8221; _builder_version=&#8221;3.2&#8243; background_layout=&#8221;dark&#8221;][\/et_pb_blurb][\/et_pb_column][et_pb_column type=&#8221;1_4&#8243; _builder_version=&#8221;3.0.47&#8243; parallax=&#8221;off&#8221; parallax_method=&#8221;on&#8221;][et_pb_blurb title=&#8221;Carpa Personalizada&#8221; use_icon=&#8221;on&#8221; font_icon=&#8221;%%45%%&#8221; icon_color=&#8221;#ffffff&#8221; use_circle=&#8221;on&#8221; icon_placement=&#8221;left&#8221; _builder_version=&#8221;3.2&#8243; background_layout=&#8221;dark&#8221;][\/et_pb_blurb][et_pb_blurb title=&#8221;M\u00e1stil Tel\u00e9scopico&#8221; use_icon=&#8221;on&#8221; font_icon=&#8221;%%45%%&#8221; icon_color=&#8221;#ffffff&#8221; use_circle=&#8221;on&#8221; icon_placement=&#8221;left&#8221; _builder_version=&#8221;3.2&#8243; background_layout=&#8221;dark&#8221;][\/et_pb_blurb][et_pb_blurb title=&#8221;Pancarta&#8221; use_icon=&#8221;on&#8221; font_icon=&#8221;%%45%%&#8221; icon_color=&#8221;#ffffff&#8221; use_circle=&#8221;on&#8221; icon_placement=&#8221;left&#8221; _builder_version=&#8221;3.2&#8243; background_layout=&#8221;dark&#8221;][\/et_pb_blurb][\/et_pb_column][\/et_pb_row][\/et_pb_section][et_pb_section fb_built=&#8221;1&#8243; fullwidth=&#8221;on&#8221; _builder_version=&#8221;3.2&#8243; background_color=&#8221;#e02b20&#8243;][et_pb_fullwidth_portfolio title=&#8221;TRABAJOS REALIZADOS&#8221; include_categories=&#8221;7,12,11,8,13,3,10,14&#8243; _builder_version=&#8221;3.2&#8243; background_layout=&#8221;dark&#8221;][\/et_pb_fullwidth_portfolio][\/et_pb_section][et_pb_section fb_built=&#8221;1&#8243; _builder_version=&#8221;3.0.47&#8243;][et_pb_row _builder_version=&#8221;3.0.47&#8243; background_size=&#8221;initial&#8221; background_position=&#8221;top_left&#8221; background_repeat=&#8221;repeat&#8221;][et_pb_column type=&#8221;4_4&#8243; _builder_version=&#8221;3.0.47&#8243; parallax=&#8221;off&#8221; parallax_method=&#8221;on&#8221;][et_pb_code _builder_version=&#8221;3.2&#8243;][contact-form-7 id=&quot;675&quot; title=&quot;Formulario de contacto 1&quot;][\/et_pb_code][et_pb_text _builder_version=&#8221;3.2&#8243;][gravityform id=&#8221;1&#8243; title=&#8221;false&#8221; description=&#8221;true&#8221;]<br \/>\n[\/et_pb_text][\/et_pb_column][\/et_pb_row][\/et_pb_section]<\/p>\n","protected":false},"excerpt":{"rendered":"<p>[et_pb_section fb_built=&#8221;1&#8243; _builder_version=&#8221;3.2&#8243; background_image=&#8221;https:\/\/decaprint.com\/wp-content\/uploads\/2018\/05\/12_image.jpg&#8221; custom_margin=&#8221;0px|0px|0px|0px&#8221; custom_padding=&#8221;0px|0px|0px|0px&#8221;][et_pb_row make_fullwidth=&#8221;on&#8221; use_custom_gutter=&#8221;on&#8221; custom_padding=&#8221;0px|0px|0px|0px&#8221; make_equal=&#8221;on&#8221; background_color_1=&#8221;rgba(0,0,0,0.75)&#8221; padding_top_1=&#8221;100px&#8221; padding_right_1=&#8221;100px&#8221; padding_bottom_1=&#8221;100px&#8221; padding_left_1=&#8221;100px&#8221; padding_1_tablet=&#8221;20px|20px|20px|20px&#8221; padding_1_last_edited=&#8221;on|tablet&#8221; _builder_version=&#8221;3.2&#8243;][et_pb_column type=&#8221;2_3&#8243; _builder_version=&#8221;3.0.47&#8243; padding_tablet=&#8221;20px|20px|20px|20px&#8221; padding_last_edited=&#8221;on|tablet&#8221; padding_bottom=&#8221;100px&#8221; padding_left=&#8221;100px&#8221; padding_right=&#8221;100px&#8221; padding_top=&#8221;100px&#8221; background_color=&#8221;rgba(0,0,0,0.75)&#8221; parallax=&#8221;off&#8221; parallax_method=&#8221;on&#8221;][et_pb_post_title meta=&#8221;off&#8221; featured_image=&#8221;off&#8221; text_color=&#8221;light&#8221; _builder_version=&#8221;3.2&#8243;][\/et_pb_post_title][et_pb_text _builder_version=&#8221;3.2&#8243; background_layout=&#8221;dark&#8221;] En decaprint fabricamos todo tipo de m\u00e1stiles y banderas publicitarias. Con nuestros productos podr\u00e1 publicitar su marca en cualquier tipo [&hellip;]<\/p>\n","protected":false},"author":1,"featured_media":0,"parent":0,"menu_order":0,"comment_status":"closed","ping_status":"closed","template":"","meta":{"footnotes":""},"class_list":["post-439","page","type-page","status-publish","hentry"],"_links":{"self":[{"href":"https:\/\/decaprint.com\/index.php\/wp-json\/wp\/v2\/pages\/439","targetHints":{"allow":["GET"]}}],"collection":[{"href":"https:\/\/decaprint.com\/index.php\/wp-json\/wp\/v2\/pages"}],"about":[{"href":"https:\/\/decaprint.com\/index.php\/wp-json\/wp\/v2\/types\/page"}],"author":[{"embeddable":true,"href":"https:\/\/decaprint.com\/index.php\/wp-json\/wp\/v2\/users\/1"}],"replies":[{"embeddable":true,"href":"https:\/\/decaprint.com\/index.php\/wp-json\/wp\/v2\/comments?post=439"}],"version-history":[{"count":9,"href":"https:\/\/decaprint.com\/index.php\/wp-json\/wp\/v2\/pages\/439\/revisions"}],"predecessor-version":[{"id":2163,"href":"https:\/\/decaprint.com\/index.php\/wp-json\/wp\/v2\/pages\/439\/revisions\/2163"}],"wp:attachment":[{"href":"https:\/\/decaprint.com\/index.php\/wp-json\/wp\/v2\/media?parent=439"}],"curies":[{"name":"wp","href":"https:\/\/api.w.org\/{rel}","templated":true}]}}