{"id":262,"date":"2018-05-24T14:03:19","date_gmt":"2018-05-24T14:03:19","guid":{"rendered":"http:\/\/decaprint.com\/neweb\/?page_id=262"},"modified":"2019-01-17T18:31:54","modified_gmt":"2019-01-17T18:31:54","slug":"sellos-de-goma-y-placas","status":"publish","type":"page","link":"https:\/\/decaprint.com\/index.php\/sellos-de-goma-y-placas\/","title":{"rendered":"SELLOS DE GOMA Y PLACAS"},"content":{"rendered":"<p>[et_pb_section bb_built=&#8221;1&#8243; _builder_version=&#8221;3.2&#8243; background_image=&#8221;http:\/\/decaprint.com\/neweb\/wp-content\/uploads\/2018\/05\/sello_fondo.jpg&#8221; custom_padding=&#8221;0px|0px|0px|0px&#8221; custom_margin=&#8221;0px|0px|0px|0px&#8221; next_background_color=&#8221;#ffffff&#8221;][et_pb_row _builder_version=&#8221;3.2&#8243; make_fullwidth=&#8221;on&#8221; use_custom_gutter=&#8221;on&#8221; make_equal=&#8221;on&#8221; background_color_1=&#8221;rgba(0,0,0,0.75)&#8221; custom_padding=&#8221;0px|0px|0px|0px&#8221; padding_top_1=&#8221;100px&#8221; padding_right_1=&#8221;100px&#8221; padding_bottom_1=&#8221;100px&#8221; padding_left_1=&#8221;100px&#8221; padding_1_tablet=&#8221;20px|20px|20px|20px&#8221; padding_1_last_edited=&#8221;on|tablet&#8221;][et_pb_column type=&#8221;2_3&#8243;][et_pb_post_title _builder_version=&#8221;3.2&#8243; text_color=&#8221;light&#8221; meta=&#8221;off&#8221; featured_image=&#8221;off&#8221; \/][et_pb_text _builder_version=&#8221;3.2&#8243; background_layout=&#8221;dark&#8221; text_text_shadow_blur_strength=&#8221;0.3em&#8221;]<\/p>\n<p style=\"text-align: justify;\">En decaprint podemos realizar todo tipo de sello de caucho ofreciendo una gran variedad de tama\u00f1os, tipos, colores, &#8230;, tanto desde los cl\u00e1sicos sellos de madera, como hasta lo sellos autom\u00e1ticos, con medidas especiales y dise\u00f1os personalizados.<\/p>\n<p>Adem\u00e1s de los sellos de caucho, en Decaprint tambi\u00e9n realizamos todo tipo de placas met\u00e1licas, acr\u00edlicas, &#8230;, personalizadas y grabadas con la informaci\u00f3n que desees.<\/p>\n<p>[\/et_pb_text][\/et_pb_column][et_pb_column type=&#8221;1_3&#8243;][\/et_pb_column][\/et_pb_row][\/et_pb_section][et_pb_section bb_built=&#8221;1&#8243; specialty=&#8221;off&#8221; prev_background_color=&#8221;#ffffff&#8221; _builder_version=&#8221;3.2&#8243; next_background_color=&#8221;#e02b20&#8243; background_image=&#8221;http:\/\/decaprint.com\/neweb\/wp-content\/uploads\/2018\/05\/wallpaper-grey.jpg&#8221; parallax=&#8221;on&#8221;][et_pb_row][et_pb_column type=&#8221;1_4&#8243;][et_pb_blurb _builder_version=&#8221;3.2&#8243; title=&#8221;Sellos de madera&#8221; use_icon=&#8221;on&#8221; font_icon=&#8221;%%45%%&#8221; icon_placement=&#8221;left&#8221; icon_color=&#8221;#ffffff&#8221; use_circle=&#8221;on&#8221; background_layout=&#8221;dark&#8221; \/][et_pb_blurb _builder_version=&#8221;3.2&#8243; title=&#8221;Placas met\u00e1licas&#8221; use_icon=&#8221;on&#8221; font_icon=&#8221;%%45%%&#8221; icon_placement=&#8221;left&#8221; icon_color=&#8221;#ffffff&#8221; use_circle=&#8221;on&#8221; background_layout=&#8221;dark&#8221; \/][\/et_pb_column][et_pb_column type=&#8221;1_4&#8243;][et_pb_blurb _builder_version=&#8221;3.2&#8243; title=&#8221;Sellos autom\u00e1ticos&#8221; use_icon=&#8221;on&#8221; font_icon=&#8221;%%45%%&#8221; icon_placement=&#8221;left&#8221; icon_color=&#8221;#ffffff&#8221; use_circle=&#8221;on&#8221; background_layout=&#8221;dark&#8221; \/][et_pb_blurb _builder_version=&#8221;3.2&#8243; title=&#8221;Placas acr\u00edlicas&#8221; use_icon=&#8221;on&#8221; font_icon=&#8221;%%45%%&#8221; icon_placement=&#8221;left&#8221; icon_color=&#8221;#ffffff&#8221; use_circle=&#8221;on&#8221; background_layout=&#8221;dark&#8221; \/][\/et_pb_column][et_pb_column type=&#8221;1_4&#8243;][et_pb_blurb _builder_version=&#8221;3.2&#8243; title=&#8221;Fechadores&#8221; use_icon=&#8221;on&#8221; font_icon=&#8221;%%45%%&#8221; icon_placement=&#8221;left&#8221; icon_color=&#8221;#ffffff&#8221; use_circle=&#8221;on&#8221; background_layout=&#8221;dark&#8221; \/][et_pb_blurb _builder_version=&#8221;3.2&#8243; title=&#8221;Placas de madera&#8221; use_icon=&#8221;on&#8221; font_icon=&#8221;%%45%%&#8221; icon_placement=&#8221;left&#8221; icon_color=&#8221;#ffffff&#8221; use_circle=&#8221;on&#8221; background_layout=&#8221;dark&#8221; \/][\/et_pb_column][et_pb_column type=&#8221;1_4&#8243;][et_pb_blurb _builder_version=&#8221;3.2&#8243; title=&#8221;Sellos gigantes&#8221; use_icon=&#8221;on&#8221; font_icon=&#8221;%%45%%&#8221; icon_placement=&#8221;left&#8221; icon_color=&#8221;#ffffff&#8221; use_circle=&#8221;on&#8221; background_layout=&#8221;dark&#8221; \/][et_pb_blurb _builder_version=&#8221;3.2&#8243; title=&#8221;Placas de metacrilato&#8221; use_icon=&#8221;on&#8221; font_icon=&#8221;%%45%%&#8221; icon_placement=&#8221;left&#8221; icon_color=&#8221;#ffffff&#8221; use_circle=&#8221;on&#8221; background_layout=&#8221;dark&#8221; \/][\/et_pb_column][\/et_pb_row][\/et_pb_section][et_pb_section bb_built=&#8221;1&#8243; fullwidth=&#8221;on&#8221; specialty=&#8221;off&#8221; prev_background_color=&#8221;#ffffff&#8221; _builder_version=&#8221;3.2&#8243; background_color=&#8221;#e02b20&#8243; next_background_color=&#8221;#ffffff&#8221;][et_pb_fullwidth_portfolio _builder_version=&#8221;3.2&#8243; title=&#8221;TRABAJOS REALIZADOS&#8221; include_categories=&#8221;7,8,3&#8243; zoom_icon_color=&#8221;#e02b20&#8243; hover_overlay_color=&#8221;rgba(255,255,255,0.9)&#8221; background_layout=&#8221;dark&#8221; \/][\/et_pb_section][et_pb_section bb_built=&#8221;1&#8243; fullwidth=&#8221;off&#8221; specialty=&#8221;off&#8221; prev_background_color=&#8221;#e02b20&#8243;][et_pb_row][et_pb_column type=&#8221;4_4&#8243;][et_pb_text _builder_version=&#8221;3.2&#8243;]<\/p>\n<p>[gravityform id=&#8221;1&#8243; title=&#8221;false&#8221; description=&#8221;true&#8221;]<\/p>\n<p>[\/et_pb_text][\/et_pb_column][\/et_pb_row][\/et_pb_section]<\/p>\n","protected":false},"excerpt":{"rendered":"<p>[et_pb_section bb_built=&#8221;1&#8243; _builder_version=&#8221;3.2&#8243; background_image=&#8221;http:\/\/decaprint.com\/neweb\/wp-content\/uploads\/2018\/05\/sello_fondo.jpg&#8221; custom_padding=&#8221;0px|0px|0px|0px&#8221; custom_margin=&#8221;0px|0px|0px|0px&#8221; next_background_color=&#8221;#ffffff&#8221;][et_pb_row _builder_version=&#8221;3.2&#8243; make_fullwidth=&#8221;on&#8221; use_custom_gutter=&#8221;on&#8221; make_equal=&#8221;on&#8221; background_color_1=&#8221;rgba(0,0,0,0.75)&#8221; custom_padding=&#8221;0px|0px|0px|0px&#8221; padding_top_1=&#8221;100px&#8221; padding_right_1=&#8221;100px&#8221; padding_bottom_1=&#8221;100px&#8221; padding_left_1=&#8221;100px&#8221; padding_1_tablet=&#8221;20px|20px|20px|20px&#8221; padding_1_last_edited=&#8221;on|tablet&#8221;][et_pb_column type=&#8221;2_3&#8243;][et_pb_post_title _builder_version=&#8221;3.2&#8243; text_color=&#8221;light&#8221; meta=&#8221;off&#8221; featured_image=&#8221;off&#8221; \/][et_pb_text _builder_version=&#8221;3.2&#8243; background_layout=&#8221;dark&#8221; text_text_shadow_blur_strength=&#8221;0.3em&#8221;] En decaprint podemos realizar todo tipo de sello de caucho ofreciendo una gran variedad de tama\u00f1os, tipos, colores, &#8230;, tanto desde los cl\u00e1sicos sellos de madera, como [&hellip;]<\/p>\n","protected":false},"author":1,"featured_media":0,"parent":0,"menu_order":0,"comment_status":"closed","ping_status":"closed","template":"","meta":{"footnotes":""},"class_list":["post-262","page","type-page","status-publish","hentry"],"_links":{"self":[{"href":"https:\/\/decaprint.com\/index.php\/wp-json\/wp\/v2\/pages\/262","targetHints":{"allow":["GET"]}}],"collection":[{"href":"https:\/\/decaprint.com\/index.php\/wp-json\/wp\/v2\/pages"}],"about":[{"href":"https:\/\/decaprint.com\/index.php\/wp-json\/wp\/v2\/types\/page"}],"author":[{"embeddable":true,"href":"https:\/\/decaprint.com\/index.php\/wp-json\/wp\/v2\/users\/1"}],"replies":[{"embeddable":true,"href":"https:\/\/decaprint.com\/index.php\/wp-json\/wp\/v2\/comments?post=262"}],"version-history":[{"count":10,"href":"https:\/\/decaprint.com\/index.php\/wp-json\/wp\/v2\/pages\/262\/revisions"}],"predecessor-version":[{"id":288,"href":"https:\/\/decaprint.com\/index.php\/wp-json\/wp\/v2\/pages\/262\/revisions\/288"}],"wp:attachment":[{"href":"https:\/\/decaprint.com\/index.php\/wp-json\/wp\/v2\/media?parent=262"}],"curies":[{"name":"wp","href":"https:\/\/api.w.org\/{rel}","templated":true}]}}