{"id":247,"date":"2018-05-24T13:20:30","date_gmt":"2018-05-24T13:20:30","guid":{"rendered":"http:\/\/decaprint.com\/neweb\/?page_id=247"},"modified":"2026-03-18T12:42:07","modified_gmt":"2026-03-18T12:42:07","slug":"estampacion-textil","status":"publish","type":"page","link":"https:\/\/decaprint.com\/index.php\/estampacion-textil\/","title":{"rendered":"ESTAMPACI\u00d3N TEXTIL"},"content":{"rendered":"<p>[et_pb_section fb_built=&#8221;1&#8243; _builder_version=&#8221;3.2&#8243; background_image=&#8221;http:\/\/decaprint.com\/neweb\/wp-content\/uploads\/2018\/05\/estampacion_textil.jpg&#8221; custom_margin=&#8221;0px|0px|0px|0px&#8221; custom_padding=&#8221;0px|0px|0px|0px&#8221;][et_pb_row make_fullwidth=&#8221;on&#8221; use_custom_gutter=&#8221;on&#8221; custom_padding=&#8221;0px|0px|0px|0px&#8221; make_equal=&#8221;on&#8221; background_color_1=&#8221;rgba(0,0,0,0.75)&#8221; padding_top_1=&#8221;100px&#8221; padding_right_1=&#8221;100px&#8221; padding_bottom_1=&#8221;100px&#8221; padding_left_1=&#8221;100px&#8221; padding_1_tablet=&#8221;20px|20px|20px|20px&#8221; padding_1_last_edited=&#8221;on|tablet&#8221; _builder_version=&#8221;3.2&#8243;][et_pb_column type=&#8221;2_3&#8243; _builder_version=&#8221;3.0.47&#8243; padding_tablet=&#8221;20px|20px|20px|20px&#8221; padding_last_edited=&#8221;on|tablet&#8221; padding_bottom=&#8221;100px&#8221; padding_left=&#8221;100px&#8221; padding_right=&#8221;100px&#8221; padding_top=&#8221;100px&#8221; background_color=&#8221;rgba(0,0,0,0.75)&#8221; parallax=&#8221;off&#8221; parallax_method=&#8221;on&#8221;][et_pb_post_title meta=&#8221;off&#8221; featured_image=&#8221;off&#8221; text_color=&#8221;light&#8221; _builder_version=&#8221;3.2&#8243;][\/et_pb_post_title][et_pb_text _builder_version=&#8221;3.2&#8243; text_orientation=&#8221;justified&#8221; background_layout=&#8221;dark&#8221;]La personalizaci\u00f3n de prendas textiles es id\u00f3nea para aquellas empresas o entidades que se quieren diferenciar del resto, consiguiendo una imagen exclusiva.<\/p>\n<p>En decaprint ponemos a tu disposici\u00f3n una amplia gama de art\u00edculos entre dise\u00f1os, materiales, tallas y colores. Disponemos de uniformes, camisetas, gorras, pa\u00f1uelos\u2026 tambien podr\u00e1s encontrar entre nuestros productos ropa laboral especializada homologada, cumpliendo las normas de seguridad necesarias para electricistas, soldadores\u2026 preg\u00fantanos que necesitas y nuestros profesionales te orientaran.<\/p>\n<p>Te asesoramos sobre las diferentes t\u00e9cnicas como bordado, serigraf\u00eda o vinilo de termofusi\u00f3n. Como cliente de decaprint, tu imprenta en Mallorca, no debes preocuparte, quedar\u00e1s igualmente satisfecho en calidad y resoluci\u00f3n del trabajo, nuestros profesionales cuentan con a\u00f1os de experiencia en imprenta y ellos mejor que nadie sabr\u00e1n asesorarte y recomendarte la mejor opci\u00f3n, dinos lo que necesitas y despreoc\u00fapate del resto.<br \/>\n[\/et_pb_text][\/et_pb_column][et_pb_column type=&#8221;1_3&#8243; _builder_version=&#8221;3.0.47&#8243; parallax=&#8221;off&#8221; parallax_method=&#8221;on&#8221;][\/et_pb_column][\/et_pb_row][\/et_pb_section][et_pb_section fb_built=&#8221;1&#8243; _builder_version=&#8221;3.2&#8243; background_image=&#8221;http:\/\/decaprint.com\/neweb\/wp-content\/uploads\/2018\/05\/wallpaper-grey.jpg&#8221; parallax=&#8221;on&#8221;][et_pb_row _builder_version=&#8221;3.0.47&#8243; background_size=&#8221;initial&#8221; background_position=&#8221;top_left&#8221; background_repeat=&#8221;repeat&#8221;][et_pb_column type=&#8221;1_4&#8243; _builder_version=&#8221;3.0.47&#8243; parallax=&#8221;off&#8221; parallax_method=&#8221;on&#8221;][et_pb_blurb title=&#8221;Camisetas&#8221; use_icon=&#8221;on&#8221; font_icon=&#8221;%%45%%&#8221; icon_color=&#8221;#ffffff&#8221; use_circle=&#8221;on&#8221; icon_placement=&#8221;left&#8221; _builder_version=&#8221;3.2&#8243; background_layout=&#8221;dark&#8221;][\/et_pb_blurb][et_pb_blurb title=&#8221;Chalecos&#8221; use_icon=&#8221;on&#8221; font_icon=&#8221;%%45%%&#8221; icon_color=&#8221;#ffffff&#8221; use_circle=&#8221;on&#8221; icon_placement=&#8221;left&#8221; _builder_version=&#8221;3.2&#8243; background_layout=&#8221;dark&#8221;][\/et_pb_blurb][et_pb_blurb title=&#8221;Camisas&#8221; use_icon=&#8221;on&#8221; font_icon=&#8221;%%45%%&#8221; icon_color=&#8221;#ffffff&#8221; use_circle=&#8221;on&#8221; icon_placement=&#8221;left&#8221; _builder_version=&#8221;3.2&#8243; background_layout=&#8221;dark&#8221;][\/et_pb_blurb][\/et_pb_column][et_pb_column type=&#8221;1_4&#8243; _builder_version=&#8221;3.0.47&#8243; parallax=&#8221;off&#8221; parallax_method=&#8221;on&#8221;][et_pb_blurb title=&#8221;Polos&#8221; use_icon=&#8221;on&#8221; font_icon=&#8221;%%45%%&#8221; icon_color=&#8221;#ffffff&#8221; use_circle=&#8221;on&#8221; icon_placement=&#8221;left&#8221; _builder_version=&#8221;3.2&#8243; background_layout=&#8221;dark&#8221;][\/et_pb_blurb][et_pb_blurb title=&#8221;Gorras&#8221; use_icon=&#8221;on&#8221; font_icon=&#8221;%%45%%&#8221; icon_color=&#8221;#ffffff&#8221; use_circle=&#8221;on&#8221; icon_placement=&#8221;left&#8221; _builder_version=&#8221;3.2&#8243; background_layout=&#8221;dark&#8221;][\/et_pb_blurb][et_pb_blurb title=&#8221;Equipaci\u00f3n equipos&#8221; use_icon=&#8221;on&#8221; font_icon=&#8221;%%45%%&#8221; icon_color=&#8221;#ffffff&#8221; use_circle=&#8221;on&#8221; icon_placement=&#8221;left&#8221; _builder_version=&#8221;3.2&#8243; background_layout=&#8221;dark&#8221;][\/et_pb_blurb][\/et_pb_column][et_pb_column type=&#8221;1_4&#8243; _builder_version=&#8221;3.0.47&#8243; parallax=&#8221;off&#8221; parallax_method=&#8221;on&#8221;][et_pb_blurb title=&#8221;Sudaderas&#8221; use_icon=&#8221;on&#8221; font_icon=&#8221;%%45%%&#8221; icon_color=&#8221;#ffffff&#8221; use_circle=&#8221;on&#8221; icon_placement=&#8221;left&#8221; _builder_version=&#8221;3.2&#8243; background_layout=&#8221;dark&#8221;][\/et_pb_blurb][et_pb_blurb title=&#8221;Pantalones&#8221; use_icon=&#8221;on&#8221; font_icon=&#8221;%%45%%&#8221; icon_color=&#8221;#ffffff&#8221; use_circle=&#8221;on&#8221; icon_placement=&#8221;left&#8221; _builder_version=&#8221;3.2&#8243; background_layout=&#8221;dark&#8221;][\/et_pb_blurb][et_pb_blurb title=&#8221;Chandals&#8221; use_icon=&#8221;on&#8221; font_icon=&#8221;%%45%%&#8221; icon_color=&#8221;#ffffff&#8221; use_circle=&#8221;on&#8221; icon_placement=&#8221;left&#8221; _builder_version=&#8221;3.2&#8243; background_layout=&#8221;dark&#8221;][\/et_pb_blurb][\/et_pb_column][et_pb_column type=&#8221;1_4&#8243; _builder_version=&#8221;3.0.47&#8243; parallax=&#8221;off&#8221; parallax_method=&#8221;on&#8221;][et_pb_blurb title=&#8221;Uniformes&#8221; use_icon=&#8221;on&#8221; font_icon=&#8221;%%45%%&#8221; icon_color=&#8221;#ffffff&#8221; use_circle=&#8221;on&#8221; icon_placement=&#8221;left&#8221; _builder_version=&#8221;3.2&#8243; background_layout=&#8221;dark&#8221;][\/et_pb_blurb][et_pb_blurb title=&#8221;Ba\u00f1adores&#8221; use_icon=&#8221;on&#8221; font_icon=&#8221;%%45%%&#8221; icon_color=&#8221;#ffffff&#8221; use_circle=&#8221;on&#8221; icon_placement=&#8221;left&#8221; _builder_version=&#8221;3.2&#8243; background_layout=&#8221;dark&#8221;][\/et_pb_blurb][et_pb_blurb title=&#8221;Ropa trabajo&#8221; use_icon=&#8221;on&#8221; font_icon=&#8221;%%45%%&#8221; icon_color=&#8221;#ffffff&#8221; use_circle=&#8221;on&#8221; icon_placement=&#8221;left&#8221; _builder_version=&#8221;3.2&#8243; background_layout=&#8221;dark&#8221;][\/et_pb_blurb][\/et_pb_column][\/et_pb_row][\/et_pb_section][et_pb_section fb_built=&#8221;1&#8243; _builder_version=&#8221;3.2&#8243; custom_padding=&#8221;0px|0px|0px|0px&#8221;][et_pb_row make_fullwidth=&#8221;on&#8221; use_custom_gutter=&#8221;on&#8221; gutter_width=&#8221;1&#8243; custom_padding=&#8221;0px|0px|0px|0px&#8221; make_equal=&#8221;on&#8221; bg_img_2=&#8221;https:\/\/decaprint.com\/wp-content\/uploads\/2026\/02\/PORTADA-CATALOGO-ROLY.png&#8221; padding_top_1=&#8221;100px&#8221; padding_right_1=&#8221;100px&#8221; padding_bottom_1=&#8221;100px&#8221; padding_left_1=&#8221;100px&#8221; _builder_version=&#8221;3.2&#8243; background_color=&#8221;#e02b20&#8243;][et_pb_column type=&#8221;1_2&#8243; _builder_version=&#8221;3.0.47&#8243; padding_bottom=&#8221;100px&#8221; padding_left=&#8221;100px&#8221; padding_right=&#8221;100px&#8221; padding_top=&#8221;100px&#8221; parallax=&#8221;off&#8221; parallax_method=&#8221;on&#8221;][et_pb_text _builder_version=&#8221;3.2&#8243; text_orientation=&#8221;justified&#8221; background_layout=&#8221;dark&#8221;]Cat\u00e1logo de Roly, marca reconocida a nivel intrernacional. Impresiona por su amplia gama de articulos entre dise\u00f1os, materiales, tallas y colores. Todos los art\u00edculos que les ofrecemos en este cat\u00e1logo se pueden personalizar, para ello les ofrecemos distintas posibilidades de marcaje dependiendo del art\u00edculo elegido.<br \/>\n[\/et_pb_text][et_pb_button button_url=&#8221;https:\/\/www.roly.es\/icatalog\/urlCatRoly?lang=es&#8221; url_new_window=&#8221;on&#8221; button_text=&#8221;Ver cat\u00e1logo&#8221; _builder_version=&#8221;3.2&#8243; background_layout=&#8221;dark&#8221;][\/et_pb_button][\/et_pb_column][et_pb_column type=&#8221;1_2&#8243; _builder_version=&#8221;3.0.47&#8243; bg_img=&#8221;https:\/\/decaprint.com\/wp-content\/uploads\/2026\/02\/PORTADA-CATALOGO-ROLY.png&#8221; parallax=&#8221;off&#8221; parallax_method=&#8221;on&#8221;][\/et_pb_column][\/et_pb_row][et_pb_row make_fullwidth=&#8221;on&#8221; use_custom_gutter=&#8221;on&#8221; gutter_width=&#8221;1&#8243; custom_padding=&#8221;0px|0px|0px|0px&#8221; make_equal=&#8221;on&#8221; bg_img_1=&#8221;https:\/\/decaprint.com\/wp-content\/uploads\/2026\/02\/PORTADA-CATALOGO-JHK.png&#8221; padding_top_1=&#8221;100px&#8221; padding_top_2=&#8221;100px&#8221; padding_right_1=&#8221;100px&#8221; padding_right_2=&#8221;100px&#8221; padding_bottom_1=&#8221;100px&#8221; padding_bottom_2=&#8221;100px&#8221; padding_left_1=&#8221;100px&#8221; padding_left_2=&#8221;100px&#8221; _builder_version=&#8221;3.2&#8243; background_color=&#8221;#e02b20&#8243;][et_pb_column type=&#8221;1_2&#8243; _builder_version=&#8221;3.0.47&#8243; padding_bottom=&#8221;100px&#8221; padding_left=&#8221;100px&#8221; padding_right=&#8221;100px&#8221; padding_top=&#8221;100px&#8221; bg_img=&#8221;https:\/\/decaprint.com\/wp-content\/uploads\/2026\/02\/PORTADA-CATALOGO-JHK.png&#8221; parallax=&#8221;off&#8221; parallax_method=&#8221;on&#8221;][\/et_pb_column][et_pb_column type=&#8221;1_2&#8243; _builder_version=&#8221;3.0.47&#8243; padding_bottom=&#8221;100px&#8221; padding_left=&#8221;100px&#8221; padding_right=&#8221;100px&#8221; padding_top=&#8221;100px&#8221; parallax=&#8221;off&#8221; parallax_method=&#8221;on&#8221;][et_pb_text _builder_version=&#8221;3.2&#8243; text_orientation=&#8221;justified&#8221; background_layout=&#8221;dark&#8221;]Cat\u00e1logo de JHK, empresa espa\u00f1ola con gran calidad en todos sus productos. Todos los art\u00edculos que les ofrecemos en este cat\u00e1logo se pueden personalizar, para ello les ofrecemos distintas posibilidades de marcaje dependiendo del art\u00edculo elegido.<br \/>\n[\/et_pb_text][et_pb_button button_url=&#8221;https:\/\/www.jhktshirt.com\/es\/catalogo\/online\/&#8221; url_new_window=&#8221;on&#8221; button_text=&#8221;Ver cat\u00e1logo&#8221; _builder_version=&#8221;3.2&#8243; background_layout=&#8221;dark&#8221;][\/et_pb_button][\/et_pb_column][\/et_pb_row][et_pb_row make_fullwidth=&#8221;on&#8221; use_custom_gutter=&#8221;on&#8221; gutter_width=&#8221;1&#8243; custom_padding=&#8221;0px|0px|0px|0px&#8221; make_equal=&#8221;on&#8221; bg_img_2=&#8221;https:\/\/decaprint.com\/wp-content\/uploads\/2026\/02\/PORTADA-CATALOGO-VELILLA.png&#8221; padding_top_1=&#8221;100px&#8221; padding_right_1=&#8221;100px&#8221; padding_bottom_1=&#8221;100px&#8221; padding_left_1=&#8221;100px&#8221; _builder_version=&#8221;3.2&#8243; background_color=&#8221;#e02b20&#8243;][et_pb_column type=&#8221;1_2&#8243; _builder_version=&#8221;3.0.47&#8243; padding_bottom=&#8221;100px&#8221; padding_left=&#8221;100px&#8221; padding_right=&#8221;100px&#8221; padding_top=&#8221;100px&#8221; parallax=&#8221;off&#8221; parallax_method=&#8221;on&#8221;][et_pb_text _builder_version=&#8221;3.2&#8243; text_orientation=&#8221;justified&#8221; background_layout=&#8221;dark&#8221;]Velilla es una empresa s\u00f3lida con m\u00e1s de 70 a\u00f1os de experiencia en el sector de la ropa de trabajo.Apostamos por el futuro y nuestra constante evoluci\u00f3n nos ha convertido en una empresa de referencia dentro del mercado espa\u00f1ol, siendo l\u00edderes con unas ventas superiores a los 7 millones de prendas anuales<\/p>\n<p>Entendemos que una de las mejores formas de dar servicio a nuestros clientes es ofreciendo un amplio rango de productos que cubra la gran mayor\u00eda de sectores de ropa de trabajo:<\/p>\n<ul>\n<li>Industria Base<\/li>\n<li>Alta Visibilidad<\/li>\n<li>Hosteler\u00eda<\/li>\n<li>Industria Alimentaria<\/li>\n<li>Sanidad, Est\u00e9tica y Limpieza<\/li>\n<li>Calzado de seguridad<\/li>\n<\/ul>\n<p>Nuestro cat\u00e1logo est\u00e1 vivo, a trav\u00e9s de una escucha activa de nuestros clientes cada a\u00f1o incorporamos importantes novedades de producto.<br \/>\n[\/et_pb_text][et_pb_button button_url=&#8221;https:\/\/www.velilla-group.com\/en\/catalogo-pdf-velilla-en&#8221; url_new_window=&#8221;on&#8221; button_text=&#8221;Ver cat\u00e1logo&#8221; _builder_version=&#8221;3.2&#8243; background_layout=&#8221;dark&#8221;][\/et_pb_button][\/et_pb_column][et_pb_column type=&#8221;1_2&#8243; _builder_version=&#8221;3.0.47&#8243; bg_img=&#8221;https:\/\/decaprint.com\/wp-content\/uploads\/2026\/02\/PORTADA-CATALOGO-VELILLA.png&#8221; parallax=&#8221;off&#8221; parallax_method=&#8221;on&#8221;][\/et_pb_column][\/et_pb_row][et_pb_row make_fullwidth=&#8221;on&#8221; use_custom_gutter=&#8221;on&#8221; gutter_width=&#8221;1&#8243; custom_padding=&#8221;0px|0px|0px|0px&#8221; make_equal=&#8221;on&#8221; bg_img_1=&#8221;https:\/\/decaprint.com\/wp-content\/uploads\/2026\/02\/PORTADA-CATALOGO-TOP-TEX.png&#8221; padding_top_1=&#8221;100px&#8221; padding_top_2=&#8221;100px&#8221; padding_right_1=&#8221;100px&#8221; padding_right_2=&#8221;100px&#8221; padding_bottom_1=&#8221;100px&#8221; padding_bottom_2=&#8221;100px&#8221; padding_left_1=&#8221;100px&#8221; padding_left_2=&#8221;100px&#8221; _builder_version=&#8221;3.2&#8243; background_color=&#8221;#e02b20&#8243;][et_pb_column type=&#8221;1_2&#8243; _builder_version=&#8221;3.0.47&#8243; padding_bottom=&#8221;100px&#8221; padding_left=&#8221;100px&#8221; padding_right=&#8221;100px&#8221; padding_top=&#8221;100px&#8221; bg_img=&#8221;https:\/\/decaprint.com\/wp-content\/uploads\/2026\/02\/PORTADA-CATALOGO-TOP-TEX.png&#8221; parallax=&#8221;off&#8221; parallax_method=&#8221;on&#8221;][\/et_pb_column][et_pb_column type=&#8221;1_2&#8243; _builder_version=&#8221;3.0.47&#8243; padding_bottom=&#8221;100px&#8221; padding_left=&#8221;100px&#8221; padding_right=&#8221;100px&#8221; padding_top=&#8221;100px&#8221; parallax=&#8221;off&#8221; parallax_method=&#8221;on&#8221;][et_pb_text _builder_version=&#8221;3.2&#8243; text_orientation=&#8221;justified&#8221; background_layout=&#8221;dark&#8221;]<\/p>\n<p>Cat\u00e1logo de TopTex, disponen de una amplia gama de productos con m\u00e1s de 70 mil referencias. Encontrar\u00e1s marcas como Timberland, Napapijri o Dickies entre otras<\/p>\n<p>[\/et_pb_text][et_pb_button button_url=&#8221;https:\/\/files.europeancatalog.fr\/media\/customer\/outils-marketing\/catalogues\/2026\/EuropeanTextileCatalogue2627-ES\/&#8221; url_new_window=&#8221;on&#8221; button_text=&#8221;Ver cat\u00e1logo&#8221; _builder_version=&#8221;3.2&#8243; background_layout=&#8221;dark&#8221;][\/et_pb_button][\/et_pb_column][\/et_pb_row][\/et_pb_section][et_pb_section fb_built=&#8221;1&#8243; fullwidth=&#8221;on&#8221; _builder_version=&#8221;3.2&#8243; background_color=&#8221;#b5b5b5&#8243;][et_pb_fullwidth_portfolio title=&#8221;TRABAJOS REALIZADOS&#8221; include_categories=&#8221;14&#8243; show_date=&#8221;off&#8221; _builder_version=&#8221;3.2&#8243; background_layout=&#8221;dark&#8221;][\/et_pb_fullwidth_portfolio][\/et_pb_section][et_pb_section fb_built=&#8221;1&#8243; _builder_version=&#8221;3.0.47&#8243;][et_pb_row _builder_version=&#8221;3.0.47&#8243; background_size=&#8221;initial&#8221; background_position=&#8221;top_left&#8221; background_repeat=&#8221;repeat&#8221;][et_pb_column type=&#8221;4_4&#8243; _builder_version=&#8221;3.0.47&#8243; parallax=&#8221;off&#8221; parallax_method=&#8221;on&#8221;][et_pb_text _builder_version=&#8221;3.2&#8243;][gravityform id=&#8221;1&#8243; title=&#8221;false&#8221; description=&#8221;true&#8221;]<br \/>\n[\/et_pb_text][\/et_pb_column][\/et_pb_row][\/et_pb_section]<\/p>\n","protected":false},"excerpt":{"rendered":"<p>[et_pb_section fb_built=&#8221;1&#8243; _builder_version=&#8221;3.2&#8243; background_image=&#8221;http:\/\/decaprint.com\/neweb\/wp-content\/uploads\/2018\/05\/estampacion_textil.jpg&#8221; custom_margin=&#8221;0px|0px|0px|0px&#8221; custom_padding=&#8221;0px|0px|0px|0px&#8221;][et_pb_row make_fullwidth=&#8221;on&#8221; use_custom_gutter=&#8221;on&#8221; custom_padding=&#8221;0px|0px|0px|0px&#8221; make_equal=&#8221;on&#8221; background_color_1=&#8221;rgba(0,0,0,0.75)&#8221; padding_top_1=&#8221;100px&#8221; padding_right_1=&#8221;100px&#8221; padding_bottom_1=&#8221;100px&#8221; padding_left_1=&#8221;100px&#8221; padding_1_tablet=&#8221;20px|20px|20px|20px&#8221; padding_1_last_edited=&#8221;on|tablet&#8221; _builder_version=&#8221;3.2&#8243;][et_pb_column type=&#8221;2_3&#8243; _builder_version=&#8221;3.0.47&#8243; padding_tablet=&#8221;20px|20px|20px|20px&#8221; padding_last_edited=&#8221;on|tablet&#8221; padding_bottom=&#8221;100px&#8221; padding_left=&#8221;100px&#8221; padding_right=&#8221;100px&#8221; padding_top=&#8221;100px&#8221; background_color=&#8221;rgba(0,0,0,0.75)&#8221; parallax=&#8221;off&#8221; parallax_method=&#8221;on&#8221;][et_pb_post_title meta=&#8221;off&#8221; featured_image=&#8221;off&#8221; text_color=&#8221;light&#8221; _builder_version=&#8221;3.2&#8243;][\/et_pb_post_title][et_pb_text _builder_version=&#8221;3.2&#8243; text_orientation=&#8221;justified&#8221; background_layout=&#8221;dark&#8221;]La personalizaci\u00f3n de prendas textiles es id\u00f3nea para aquellas empresas o entidades que se quieren diferenciar del resto, consiguiendo una [&hellip;]<\/p>\n","protected":false},"author":1,"featured_media":0,"parent":0,"menu_order":0,"comment_status":"closed","ping_status":"closed","template":"","meta":{"footnotes":""},"class_list":["post-247","page","type-page","status-publish","hentry"],"_links":{"self":[{"href":"https:\/\/decaprint.com\/index.php\/wp-json\/wp\/v2\/pages\/247","targetHints":{"allow":["GET"]}}],"collection":[{"href":"https:\/\/decaprint.com\/index.php\/wp-json\/wp\/v2\/pages"}],"about":[{"href":"https:\/\/decaprint.com\/index.php\/wp-json\/wp\/v2\/types\/page"}],"author":[{"embeddable":true,"href":"https:\/\/decaprint.com\/index.php\/wp-json\/wp\/v2\/users\/1"}],"replies":[{"embeddable":true,"href":"https:\/\/decaprint.com\/index.php\/wp-json\/wp\/v2\/comments?post=247"}],"version-history":[{"count":38,"href":"https:\/\/decaprint.com\/index.php\/wp-json\/wp\/v2\/pages\/247\/revisions"}],"predecessor-version":[{"id":2336,"href":"https:\/\/decaprint.com\/index.php\/wp-json\/wp\/v2\/pages\/247\/revisions\/2336"}],"wp:attachment":[{"href":"https:\/\/decaprint.com\/index.php\/wp-json\/wp\/v2\/media?parent=247"}],"curies":[{"name":"wp","href":"https:\/\/api.w.org\/{rel}","templated":true}]}}