{"id":231,"date":"2018-05-21T19:58:19","date_gmt":"2018-05-21T19:58:19","guid":{"rendered":"http:\/\/decaprint.com\/neweb\/?page_id=231"},"modified":"2019-01-17T18:34:19","modified_gmt":"2019-01-17T18:34:19","slug":"impresion-gran-formato","status":"publish","type":"page","link":"https:\/\/decaprint.com\/index.php\/impresion-gran-formato\/","title":{"rendered":"IMPRESI\u00d3N GRAN FORMATO"},"content":{"rendered":"<p>[et_pb_section bb_built=&#8221;1&#8243; _builder_version=&#8221;3.2&#8243; background_image=&#8221;http:\/\/decaprint.com\/neweb\/wp-content\/uploads\/2018\/05\/gran_formato-1.jpg&#8221; custom_padding=&#8221;0px|0px|0px|0px&#8221; custom_margin=&#8221;0px|0px|0px|0px&#8221; next_background_color=&#8221;#ffffff&#8221;][et_pb_row _builder_version=&#8221;3.2&#8243; make_fullwidth=&#8221;on&#8221; use_custom_gutter=&#8221;on&#8221; make_equal=&#8221;on&#8221; background_color_1=&#8221;rgba(0,0,0,0.75)&#8221; custom_padding=&#8221;0px|0px|0px|0px&#8221; padding_top_1=&#8221;100px&#8221; padding_right_1=&#8221;100px&#8221; padding_bottom_1=&#8221;100px&#8221; padding_left_1=&#8221;100px&#8221; padding_1_tablet=&#8221;20px|20px|20px|20px&#8221; padding_1_last_edited=&#8221;on|tablet&#8221;][et_pb_column type=&#8221;2_3&#8243;][et_pb_post_title _builder_version=&#8221;3.2&#8243; text_color=&#8221;light&#8221; meta=&#8221;off&#8221; featured_image=&#8221;off&#8221; \/][et_pb_text _builder_version=&#8221;3.2&#8243; background_layout=&#8221;dark&#8221; text_text_shadow_blur_strength=&#8221;0.3em&#8221; text_orientation=&#8221;justified&#8221;]<\/p>\n<p style=\"text-align: justify;\">En decaprint hacemos impresi\u00f3n a gran tama\u00f1o y podemos imprimir a cualquier tama\u00f1o que necesites, y sobre cualquier tipo de soporte o superficie que desees. Imprimimos en multitud de materiales como vinilos, lonas, vinilos para luminosos.<\/p>\n<p>Adem\u00e1s tambi\u00e9n podemos hacer todo tipo de expositores o display publicitarios, para cualquier promoci\u00f3n que tu empresa necesite (photocall, displays, displays enrollables, caballeres, &#8230;)<\/p>\n<p>En decaprint te ayudamos a promocionar tu negocio o evento con nuestras Banderas y Banderolas publicitarias para exterior. Disponemos de banderas de playa,\u00a0banderas institucionales, banderas con palo, Golf Banner, m\u00e1stiles Telesc\u00f3picos\u2026<\/p>\n<p>[\/et_pb_text][\/et_pb_column][et_pb_column type=&#8221;1_3&#8243;][\/et_pb_column][\/et_pb_row][\/et_pb_section][et_pb_section bb_built=&#8221;1&#8243; specialty=&#8221;off&#8221; prev_background_color=&#8221;#ffffff&#8221; _builder_version=&#8221;3.2&#8243; next_background_color=&#8221;#e02b20&#8243; background_image=&#8221;http:\/\/decaprint.com\/neweb\/wp-content\/uploads\/2018\/05\/wallpaper-grey.jpg&#8221; parallax=&#8221;on&#8221;][et_pb_row][et_pb_column type=&#8221;1_4&#8243;][et_pb_blurb _builder_version=&#8221;3.2&#8243; title=&#8221;Banderolas&#8221; use_icon=&#8221;on&#8221; font_icon=&#8221;%%45%%&#8221; icon_placement=&#8221;left&#8221; icon_color=&#8221;#ffffff&#8221; use_circle=&#8221;on&#8221; background_layout=&#8221;dark&#8221; \/][et_pb_blurb _builder_version=&#8221;3.2&#8243; title=&#8221;Vinilos&#8221; use_icon=&#8221;on&#8221; font_icon=&#8221;%%45%%&#8221; icon_placement=&#8221;left&#8221; icon_color=&#8221;#ffffff&#8221; use_circle=&#8221;on&#8221; background_layout=&#8221;dark&#8221; \/][et_pb_blurb _builder_version=&#8221;3.2&#8243; title=&#8221;Expositores&#8221; use_icon=&#8221;on&#8221; font_icon=&#8221;%%45%%&#8221; icon_placement=&#8221;left&#8221; icon_color=&#8221;#ffffff&#8221; use_circle=&#8221;on&#8221; background_layout=&#8221;dark&#8221; \/][\/et_pb_column][et_pb_column type=&#8221;1_4&#8243;][et_pb_blurb _builder_version=&#8221;3.2&#8243; title=&#8221;Lonas&#8221; use_icon=&#8221;on&#8221; font_icon=&#8221;%%45%%&#8221; icon_placement=&#8221;left&#8221; icon_color=&#8221;#ffffff&#8221; use_circle=&#8221;on&#8221; background_layout=&#8221;dark&#8221; \/][et_pb_blurb _builder_version=&#8221;3.2&#8243; title=&#8221;Lienzos&#8221; use_icon=&#8221;on&#8221; font_icon=&#8221;%%45%%&#8221; icon_placement=&#8221;left&#8221; icon_color=&#8221;#ffffff&#8221; use_circle=&#8221;on&#8221; background_layout=&#8221;dark&#8221; \/][et_pb_blurb _builder_version=&#8221;3.2&#8243; title=&#8221;Banderas publicitarias&#8221; use_icon=&#8221;on&#8221; font_icon=&#8221;%%45%%&#8221; icon_placement=&#8221;left&#8221; icon_color=&#8221;#ffffff&#8221; use_circle=&#8221;on&#8221; background_layout=&#8221;dark&#8221; \/][\/et_pb_column][et_pb_column type=&#8221;1_4&#8243;][et_pb_blurb _builder_version=&#8221;3.2&#8243; title=&#8221;Vallas publicitarias&#8221; use_icon=&#8221;on&#8221; font_icon=&#8221;%%45%%&#8221; icon_placement=&#8221;left&#8221; icon_color=&#8221;#ffffff&#8221; use_circle=&#8221;on&#8221; background_layout=&#8221;dark&#8221; \/][et_pb_blurb _builder_version=&#8221;3.2&#8243; title=&#8221;Displays&#8221; use_icon=&#8221;on&#8221; font_icon=&#8221;%%45%%&#8221; icon_placement=&#8221;left&#8221; icon_color=&#8221;#ffffff&#8221; use_circle=&#8221;on&#8221; background_layout=&#8221;dark&#8221; \/][et_pb_blurb _builder_version=&#8221;3.2&#8243; title=&#8221;Stand para ferias&#8221; use_icon=&#8221;on&#8221; font_icon=&#8221;%%45%%&#8221; icon_placement=&#8221;left&#8221; icon_color=&#8221;#ffffff&#8221; use_circle=&#8221;on&#8221; background_layout=&#8221;dark&#8221; \/][\/et_pb_column][et_pb_column type=&#8221;1_4&#8243;][et_pb_blurb _builder_version=&#8221;3.2&#8243; title=&#8221;Laminados&#8221; use_icon=&#8221;on&#8221; font_icon=&#8221;%%45%%&#8221; icon_placement=&#8221;left&#8221; icon_color=&#8221;#ffffff&#8221; use_circle=&#8221;on&#8221; background_layout=&#8221;dark&#8221; \/][et_pb_blurb _builder_version=&#8221;3.2&#8243; title=&#8221;Displays enrollables&#8221; use_icon=&#8221;on&#8221; font_icon=&#8221;%%45%%&#8221; icon_placement=&#8221;left&#8221; icon_color=&#8221;#ffffff&#8221; use_circle=&#8221;on&#8221; background_layout=&#8221;dark&#8221; \/][et_pb_blurb _builder_version=&#8221;3.2&#8243; title=&#8221;Stands modulares&#8221; use_icon=&#8221;on&#8221; font_icon=&#8221;%%45%%&#8221; icon_placement=&#8221;left&#8221; icon_color=&#8221;#ffffff&#8221; use_circle=&#8221;on&#8221; background_layout=&#8221;dark&#8221; \/][\/et_pb_column][\/et_pb_row][\/et_pb_section][et_pb_section bb_built=&#8221;1&#8243; fullwidth=&#8221;on&#8221; specialty=&#8221;off&#8221; prev_background_color=&#8221;#ffffff&#8221; _builder_version=&#8221;3.2&#8243; background_color=&#8221;#e02b20&#8243; next_background_color=&#8221;#ffffff&#8221;][et_pb_fullwidth_portfolio _builder_version=&#8221;3.2&#8243; title=&#8221;TRABAJOS REALIZADOS&#8221; include_categories=&#8221;11&#8243; zoom_icon_color=&#8221;#e02b20&#8243; hover_overlay_color=&#8221;rgba(255,255,255,0.9)&#8221; background_layout=&#8221;dark&#8221; \/][\/et_pb_section][et_pb_section bb_built=&#8221;1&#8243; fullwidth=&#8221;off&#8221; specialty=&#8221;off&#8221; prev_background_color=&#8221;#e02b20&#8243;][et_pb_row][et_pb_column type=&#8221;4_4&#8243;][et_pb_code _builder_version=&#8221;3.2&#8243;][contact-form-7 id=&#8221;675&#8243; title=&#8221;Formulario de contacto 1&#8243;][\/et_pb_code][et_pb_text _builder_version=&#8221;3.2&#8243;]<\/p>\n<p>[gravityform id=&#8221;1&#8243; title=&#8221;false&#8221; description=&#8221;true&#8221;]<\/p>\n<p>[\/et_pb_text][\/et_pb_column][\/et_pb_row][\/et_pb_section]<\/p>\n","protected":false},"excerpt":{"rendered":"<p>[et_pb_section bb_built=&#8221;1&#8243; _builder_version=&#8221;3.2&#8243; background_image=&#8221;http:\/\/decaprint.com\/neweb\/wp-content\/uploads\/2018\/05\/gran_formato-1.jpg&#8221; custom_padding=&#8221;0px|0px|0px|0px&#8221; custom_margin=&#8221;0px|0px|0px|0px&#8221; next_background_color=&#8221;#ffffff&#8221;][et_pb_row _builder_version=&#8221;3.2&#8243; make_fullwidth=&#8221;on&#8221; use_custom_gutter=&#8221;on&#8221; make_equal=&#8221;on&#8221; background_color_1=&#8221;rgba(0,0,0,0.75)&#8221; custom_padding=&#8221;0px|0px|0px|0px&#8221; padding_top_1=&#8221;100px&#8221; padding_right_1=&#8221;100px&#8221; padding_bottom_1=&#8221;100px&#8221; padding_left_1=&#8221;100px&#8221; padding_1_tablet=&#8221;20px|20px|20px|20px&#8221; padding_1_last_edited=&#8221;on|tablet&#8221;][et_pb_column type=&#8221;2_3&#8243;][et_pb_post_title _builder_version=&#8221;3.2&#8243; text_color=&#8221;light&#8221; meta=&#8221;off&#8221; featured_image=&#8221;off&#8221; \/][et_pb_text _builder_version=&#8221;3.2&#8243; background_layout=&#8221;dark&#8221; text_text_shadow_blur_strength=&#8221;0.3em&#8221; text_orientation=&#8221;justified&#8221;] En decaprint hacemos impresi\u00f3n a gran tama\u00f1o y podemos imprimir a cualquier tama\u00f1o que necesites, y sobre cualquier tipo de soporte o superficie que desees. Imprimimos [&hellip;]<\/p>\n","protected":false},"author":1,"featured_media":0,"parent":0,"menu_order":0,"comment_status":"closed","ping_status":"closed","template":"","meta":{"footnotes":""},"class_list":["post-231","page","type-page","status-publish","hentry"],"_links":{"self":[{"href":"https:\/\/decaprint.com\/index.php\/wp-json\/wp\/v2\/pages\/231","targetHints":{"allow":["GET"]}}],"collection":[{"href":"https:\/\/decaprint.com\/index.php\/wp-json\/wp\/v2\/pages"}],"about":[{"href":"https:\/\/decaprint.com\/index.php\/wp-json\/wp\/v2\/types\/page"}],"author":[{"embeddable":true,"href":"https:\/\/decaprint.com\/index.php\/wp-json\/wp\/v2\/users\/1"}],"replies":[{"embeddable":true,"href":"https:\/\/decaprint.com\/index.php\/wp-json\/wp\/v2\/comments?post=231"}],"version-history":[{"count":13,"href":"https:\/\/decaprint.com\/index.php\/wp-json\/wp\/v2\/pages\/231\/revisions"}],"predecessor-version":[{"id":830,"href":"https:\/\/decaprint.com\/index.php\/wp-json\/wp\/v2\/pages\/231\/revisions\/830"}],"wp:attachment":[{"href":"https:\/\/decaprint.com\/index.php\/wp-json\/wp\/v2\/media?parent=231"}],"curies":[{"name":"wp","href":"https:\/\/api.w.org\/{rel}","templated":true}]}}