{"id":135,"date":"2018-05-15T19:10:45","date_gmt":"2018-05-15T19:10:45","guid":{"rendered":"http:\/\/decaprint.com\/neweb\/?page_id=135"},"modified":"2021-08-31T11:18:43","modified_gmt":"2021-08-31T11:18:43","slug":"decaprint","status":"publish","type":"page","link":"https:\/\/decaprint.com\/index.php\/decaprint\/","title":{"rendered":"DECAPRINT"},"content":{"rendered":"<p>[et_pb_section bb_built=&#8221;1&#8243; fullwidth=&#8221;on&#8221; specialty=&#8221;off&#8221; next_background_color=&#8221;#000000&#8243;][et_pb_fullwidth_image _builder_version=&#8221;3.2&#8243; src=&#8221;http:\/\/decaprint.com\/neweb\/wp-content\/uploads\/2018\/05\/decaprint-ok.png&#8221; \/][\/et_pb_section][et_pb_section bb_built=&#8221;1&#8243; specialty=&#8221;off&#8221; prev_background_color=&#8221;#ffffff&#8221; next_background_color=&#8221;#ffffff&#8221; _builder_version=&#8221;3.2&#8243; background_image=&#8221;http:\/\/decaprint.com\/neweb\/wp-content\/uploads\/2018\/05\/12_image.jpg&#8221; parallax=&#8221;on&#8221;][et_pb_row][et_pb_column type=&#8221;4_4&#8243;][et_pb_text _builder_version=&#8221;3.2&#8243; text_orientation=&#8221;center&#8221; background_layout=&#8221;dark&#8221;]<\/p>\n<h1>DECAPRINT, M\u00c1S QUE UNA IMPRENTA<\/h1>\n<p>[\/et_pb_text][\/et_pb_column][\/et_pb_row][\/et_pb_section][et_pb_section bb_built=&#8221;1&#8243; prev_background_color=&#8221;#000000&#8243; next_background_color=&#8221;#000000&#8243;][et_pb_row][et_pb_column type=&#8221;2_3&#8243;][et_pb_text _builder_version=&#8221;3.2&#8243;]<\/p>\n<p style=\"text-align: justify;\">decaprint es una empresa con amplia experiencia en el mundo de la publicidad y el dise\u00f1o, adaptada a las nuevas tecnolog\u00edas, contando en su cartera de clientes con diferentes sectores como hoteleros, n\u00e1utica, restauraci\u00f3n, pyme\u2026 en general todo tipo de empresas y comercios que apuestan por la publicidad para aumentar sus ingresos y fondo de mercado.<\/p>\n<p style=\"text-align: left;\">Enfocada a ayudar a los comercios y empresas a difundir su marca a trav\u00e9s de plasmar sus ideas en todo tipo de soportes, incluidas las nuevas tecnolog\u00edas, marketing online y la mirada puesta al futuro.<\/p>\n<p style=\"text-align: justify;\">Entre los servicios que ofrece decaprint puedes encontrar estampaci\u00f3n textil, rotulaci\u00f3n, imprenta offset, imprenta digital, gran formato, todo tipo de letreros y carteles, flotas de vehiculos personalizadas, gesti\u00f3n de redes sociales, dise\u00f1o de paginas web, tiendas online, imagen corporativa, marketing online\u2026 y muchos m\u00e1s que ayudan a los comercios y empresas a publicitarse con calidad y acierto.<\/p>\n<p style=\"text-align: justify;\">Cuenta con instalaciones adaptadas a la comodidad del cliente, con un personal con experiencia para encontrar las soluciones a tus necesidades y con maquinaria de ultima generaci\u00f3n y herramientas publicitarias de nueva tecnolog\u00eda, todo lo que una empresa necesita para darse a conocer con facilidad y eficacia.<\/p>\n<p style=\"text-align: justify;\">decaprint mira por ti y te ayuda a crecer, aportando ideas nuevas y renovadas y poniendo a tu disposici\u00f3n todos sus medios para que tus productos y servicios puedan llegar al mayor numero de gente posible, aumentando as\u00ed tu fondo de mercado y con ello tus clientes.<\/p>\n<p>[\/et_pb_text][\/et_pb_column][et_pb_column type=&#8221;1_3&#8243;][et_pb_counters _builder_version=&#8221;3.2&#8243;][et_pb_counter _builder_version=&#8221;3.2&#8243; percent=&#8221;100&#8243; use_background_color_gradient=&#8221;off&#8221; background_color_gradient_start=&#8221;#2b87da&#8221; background_color_gradient_end=&#8221;#29c4a9&#8243; background_color_gradient_type=&#8221;linear&#8221; background_color_gradient_direction=&#8221;180deg&#8221; background_color_gradient_direction_radial=&#8221;center&#8221; background_color_gradient_start_position=&#8221;0%&#8221; background_color_gradient_end_position=&#8221;100%&#8221; background_color_gradient_overlays_image=&#8221;off&#8221; parallax=&#8221;off&#8221; parallax_method=&#8221;on&#8221; background_size=&#8221;cover&#8221; background_position=&#8221;center&#8221; background_repeat=&#8221;no-repeat&#8221; background_blend=&#8221;normal&#8221; allow_player_pause=&#8221;off&#8221; background_video_pause_outside_viewport=&#8221;on&#8221; text_shadow_style=&#8221;none&#8221; title_text_shadow_style=&#8221;none&#8221; percent_text_shadow_style=&#8221;none&#8221; box_shadow_style=&#8221;none&#8221;] PROFESIONALIDAD [\/et_pb_counter][et_pb_counter _builder_version=&#8221;3.2&#8243; percent=&#8221;100&#8243; use_background_color_gradient=&#8221;off&#8221; background_color_gradient_start=&#8221;#2b87da&#8221; background_color_gradient_end=&#8221;#29c4a9&#8243; background_color_gradient_type=&#8221;linear&#8221; background_color_gradient_direction=&#8221;180deg&#8221; background_color_gradient_direction_radial=&#8221;center&#8221; background_color_gradient_start_position=&#8221;0%&#8221; background_color_gradient_end_position=&#8221;100%&#8221; background_color_gradient_overlays_image=&#8221;off&#8221; parallax=&#8221;off&#8221; parallax_method=&#8221;on&#8221; background_size=&#8221;cover&#8221; background_position=&#8221;center&#8221; background_repeat=&#8221;no-repeat&#8221; background_blend=&#8221;normal&#8221; allow_player_pause=&#8221;off&#8221; background_video_pause_outside_viewport=&#8221;on&#8221; text_shadow_style=&#8221;none&#8221; title_text_shadow_style=&#8221;none&#8221; percent_text_shadow_style=&#8221;none&#8221; box_shadow_style=&#8221;none&#8221;] CALIDAD [\/et_pb_counter][et_pb_counter _builder_version=&#8221;3.2&#8243; percent=&#8221;100&#8243; use_background_color_gradient=&#8221;off&#8221; background_color_gradient_start=&#8221;#2b87da&#8221; background_color_gradient_end=&#8221;#29c4a9&#8243; background_color_gradient_type=&#8221;linear&#8221; background_color_gradient_direction=&#8221;180deg&#8221; background_color_gradient_direction_radial=&#8221;center&#8221; background_color_gradient_start_position=&#8221;0%&#8221; background_color_gradient_end_position=&#8221;100%&#8221; background_color_gradient_overlays_image=&#8221;off&#8221; parallax=&#8221;off&#8221; parallax_method=&#8221;on&#8221; background_size=&#8221;cover&#8221; background_position=&#8221;center&#8221; background_repeat=&#8221;no-repeat&#8221; background_blend=&#8221;normal&#8221; allow_player_pause=&#8221;off&#8221; background_video_pause_outside_viewport=&#8221;on&#8221; text_shadow_style=&#8221;none&#8221; title_text_shadow_style=&#8221;none&#8221; percent_text_shadow_style=&#8221;none&#8221; box_shadow_style=&#8221;none&#8221;] CREATIVIDAD [\/et_pb_counter][et_pb_counter _builder_version=&#8221;3.2&#8243; percent=&#8221;100&#8243; use_background_color_gradient=&#8221;off&#8221; background_color_gradient_start=&#8221;#2b87da&#8221; background_color_gradient_end=&#8221;#29c4a9&#8243; background_color_gradient_type=&#8221;linear&#8221; background_color_gradient_direction=&#8221;180deg&#8221; background_color_gradient_direction_radial=&#8221;center&#8221; background_color_gradient_start_position=&#8221;0%&#8221; background_color_gradient_end_position=&#8221;100%&#8221; background_color_gradient_overlays_image=&#8221;off&#8221; parallax=&#8221;off&#8221; parallax_method=&#8221;on&#8221; background_size=&#8221;cover&#8221; background_position=&#8221;center&#8221; background_repeat=&#8221;no-repeat&#8221; background_blend=&#8221;normal&#8221; allow_player_pause=&#8221;off&#8221; background_video_pause_outside_viewport=&#8221;on&#8221; text_shadow_style=&#8221;none&#8221; title_text_shadow_style=&#8221;none&#8221; percent_text_shadow_style=&#8221;none&#8221; box_shadow_style=&#8221;none&#8221;] EXPERIENCIA [\/et_pb_counter][et_pb_counter _builder_version=&#8221;3.2&#8243; percent=&#8221;100&#8243; use_background_color_gradient=&#8221;off&#8221; background_color_gradient_start=&#8221;#2b87da&#8221; background_color_gradient_end=&#8221;#29c4a9&#8243; background_color_gradient_type=&#8221;linear&#8221; background_color_gradient_direction=&#8221;180deg&#8221; background_color_gradient_direction_radial=&#8221;center&#8221; background_color_gradient_start_position=&#8221;0%&#8221; background_color_gradient_end_position=&#8221;100%&#8221; background_color_gradient_overlays_image=&#8221;off&#8221; parallax=&#8221;off&#8221; parallax_method=&#8221;on&#8221; background_size=&#8221;cover&#8221; background_position=&#8221;center&#8221; background_repeat=&#8221;no-repeat&#8221; background_blend=&#8221;normal&#8221; allow_player_pause=&#8221;off&#8221; background_video_pause_outside_viewport=&#8221;on&#8221; text_shadow_style=&#8221;none&#8221; title_text_shadow_style=&#8221;none&#8221; percent_text_shadow_style=&#8221;none&#8221; box_shadow_style=&#8221;none&#8221;] CONFIANZA [\/et_pb_counter][et_pb_counter _builder_version=&#8221;3.2&#8243; percent=&#8221;100&#8243; use_background_color_gradient=&#8221;off&#8221; background_color_gradient_start=&#8221;#2b87da&#8221; background_color_gradient_end=&#8221;#29c4a9&#8243; background_color_gradient_type=&#8221;linear&#8221; background_color_gradient_direction=&#8221;180deg&#8221; background_color_gradient_direction_radial=&#8221;center&#8221; background_color_gradient_start_position=&#8221;0%&#8221; background_color_gradient_end_position=&#8221;100%&#8221; background_color_gradient_overlays_image=&#8221;off&#8221; parallax=&#8221;off&#8221; parallax_method=&#8221;on&#8221; background_size=&#8221;cover&#8221; background_position=&#8221;center&#8221; background_repeat=&#8221;no-repeat&#8221; background_blend=&#8221;normal&#8221; allow_player_pause=&#8221;off&#8221; background_video_pause_outside_viewport=&#8221;on&#8221; text_shadow_style=&#8221;none&#8221; title_text_shadow_style=&#8221;none&#8221; percent_text_shadow_style=&#8221;none&#8221; box_shadow_style=&#8221;none&#8221;] CERCANIA [\/et_pb_counter][\/et_pb_counters][\/et_pb_column][\/et_pb_row][\/et_pb_section][et_pb_section bb_built=&#8221;1&#8243; specialty=&#8221;off&#8221; prev_background_color=&#8221;#ffffff&#8221; next_background_color=&#8221;#ffffff&#8221; _builder_version=&#8221;3.2&#8243; background_image=&#8221;http:\/\/decaprint.com\/neweb\/wp-content\/uploads\/2018\/05\/12_image.jpg&#8221; parallax=&#8221;on&#8221;][et_pb_row][et_pb_column type=&#8221;4_4&#8243;][et_pb_text _builder_version=&#8221;3.2&#8243; text_orientation=&#8221;center&#8221; background_layout=&#8221;dark&#8221;]<\/p>\n<h1>CON TU EMPRESA NO TE LA JUEGUES, TRABAJA CON PROFESIONALES<\/h1>\n<p>[\/et_pb_text][\/et_pb_column][\/et_pb_row][\/et_pb_section][et_pb_section bb_built=&#8221;1&#8243; fullwidth=&#8221;off&#8221; specialty=&#8221;off&#8221; prev_background_color=&#8221;#000000&#8243; next_background_color=&#8221;#000000&#8243;][et_pb_row][et_pb_column type=&#8221;4_4&#8243;][et_pb_text _builder_version=&#8221;3.2&#8243;]<\/p>\n<p style=\"text-align: justify;\">La publicidad es el motor de cualquier negocio, de la calidad de esta depende la calidad de tus clientes y la imagen con la que estos te ven y te valoran.<\/p>\n<p style=\"text-align: left;\">Es importante tener una estrategia y unos medios acordes con la imagen de tu negocio, por ello lo barato sale caro, intentar ahorrar en calidad y en imagen es degradar a la larga la imagen de tu negocio.<\/p>\n<p style=\"text-align: justify;\">En decaprint te ofreceremos soluciones e ideas para aumentar tu fondo de mercado y la imagen de tu marca, aportando calidad y profesionalidad y evit\u00e1ndote quebraderos de cabeza y malas experiencias, decaprint es una apuesta segura.<\/p>\n<p>[\/et_pb_text][\/et_pb_column][\/et_pb_row][\/et_pb_section][et_pb_section bb_built=&#8221;1&#8243; fullwidth=&#8221;on&#8221; specialty=&#8221;off&#8221; prev_background_color=&#8221;#000000&#8243;][et_pb_fullwidth_portfolio _builder_version=&#8221;3.2&#8243; include_categories=&#8221;7,12,11,8,13,3,10,14&#8243; show_date=&#8221;off&#8221; zoom_icon_color=&#8221;#e02b20&#8243; hover_overlay_color=&#8221;rgba(255,255,255,0.9)&#8221; auto=&#8221;on&#8221; \/][\/et_pb_section]<\/p>\n","protected":false},"excerpt":{"rendered":"<p>[et_pb_section bb_built=&#8221;1&#8243; fullwidth=&#8221;on&#8221; specialty=&#8221;off&#8221; next_background_color=&#8221;#000000&#8243;][et_pb_fullwidth_image _builder_version=&#8221;3.2&#8243; src=&#8221;http:\/\/decaprint.com\/neweb\/wp-content\/uploads\/2018\/05\/decaprint-ok.png&#8221; \/][\/et_pb_section][et_pb_section bb_built=&#8221;1&#8243; specialty=&#8221;off&#8221; prev_background_color=&#8221;#ffffff&#8221; next_background_color=&#8221;#ffffff&#8221; _builder_version=&#8221;3.2&#8243; background_image=&#8221;http:\/\/decaprint.com\/neweb\/wp-content\/uploads\/2018\/05\/12_image.jpg&#8221; parallax=&#8221;on&#8221;][et_pb_row][et_pb_column type=&#8221;4_4&#8243;][et_pb_text _builder_version=&#8221;3.2&#8243; text_orientation=&#8221;center&#8221; background_layout=&#8221;dark&#8221;] DECAPRINT, M\u00c1S QUE UNA IMPRENTA [\/et_pb_text][\/et_pb_column][\/et_pb_row][\/et_pb_section][et_pb_section bb_built=&#8221;1&#8243; prev_background_color=&#8221;#000000&#8243; next_background_color=&#8221;#000000&#8243;][et_pb_row][et_pb_column type=&#8221;2_3&#8243;][et_pb_text _builder_version=&#8221;3.2&#8243;] decaprint es una empresa con amplia experiencia en el mundo de la publicidad y el dise\u00f1o, adaptada a las nuevas tecnolog\u00edas, contando en su cartera [&hellip;]<\/p>\n","protected":false},"author":1,"featured_media":0,"parent":0,"menu_order":0,"comment_status":"closed","ping_status":"closed","template":"","meta":{"footnotes":""},"class_list":["post-135","page","type-page","status-publish","hentry"],"_links":{"self":[{"href":"https:\/\/decaprint.com\/index.php\/wp-json\/wp\/v2\/pages\/135","targetHints":{"allow":["GET"]}}],"collection":[{"href":"https:\/\/decaprint.com\/index.php\/wp-json\/wp\/v2\/pages"}],"about":[{"href":"https:\/\/decaprint.com\/index.php\/wp-json\/wp\/v2\/types\/page"}],"author":[{"embeddable":true,"href":"https:\/\/decaprint.com\/index.php\/wp-json\/wp\/v2\/users\/1"}],"replies":[{"embeddable":true,"href":"https:\/\/decaprint.com\/index.php\/wp-json\/wp\/v2\/comments?post=135"}],"version-history":[{"count":16,"href":"https:\/\/decaprint.com\/index.php\/wp-json\/wp\/v2\/pages\/135\/revisions"}],"predecessor-version":[{"id":391,"href":"https:\/\/decaprint.com\/index.php\/wp-json\/wp\/v2\/pages\/135\/revisions\/391"}],"wp:attachment":[{"href":"https:\/\/decaprint.com\/index.php\/wp-json\/wp\/v2\/media?parent=135"}],"curies":[{"name":"wp","href":"https:\/\/api.w.org\/{rel}","templated":true}]}}